{"id":171,"date":"2025-02-05T09:20:16","date_gmt":"2025-02-05T08:20:16","guid":{"rendered":"https:\/\/noelfoldgep.hu\/?page_id=171"},"modified":"2025-02-05T09:30:47","modified_gmt":"2025-02-05T08:30:47","slug":"impresszum","status":"publish","type":"page","link":"https:\/\/noelfoldgep.hu\/?page_id=171","title":{"rendered":"Impresszum"},"content":{"rendered":"\t\t<div data-elementor-type=\"wp-page\" data-elementor-id=\"171\" class=\"elementor elementor-171\" data-elementor-post-type=\"page\">\n\t\t\t\t<div class=\"elementor-element elementor-element-2581da3 e-flex e-con-boxed e-con e-parent\" data-id=\"2581da3\" data-element_type=\"container\" data-e-type=\"container\">\n\t\t\t\t\t<div class=\"e-con-inner\">\n\t\t\t\t<div class=\"elementor-element elementor-element-71984ad elementor-widget elementor-widget-text-editor\" data-id=\"71984ad\" data-element_type=\"widget\" data-e-type=\"widget\" data-widget_type=\"text-editor.default\">\n\t\t\t\t<div class=\"elementor-widget-container\">\n\t\t\t\t\t\t\t\t\t<p>N\u00e9v: N\u00e9meth Noel e.v.<\/p><p>Ad\u00f3sz\u00e1m: 90125229-2-33<br \/>Sz\u00e9khely: 2017 P\u00f3csmegyer, F\u00e1c\u00e1nos \u00fat 2167\/2hrsz<br \/>E-mail: noelnemethfoldmunka@gmail.com<br \/>Telefonsz\u00e1m: +36-30-277-7810<\/p>\t\t\t\t\t\t\t\t<\/div>\n\t\t\t\t<\/div>\n\t\t\t\t\t<\/div>\n\t\t\t\t<\/div>\n\t\t\t\t<\/div>\n\t\t","protected":false},"excerpt":{"rendered":"<p>N\u00e9v: N\u00e9meth Noel e.v. Ad\u00f3sz\u00e1m: 90125229-2-33Sz\u00e9khely: 2017 P\u00f3csmegyer, F\u00e1c\u00e1nos \u00fat 2167\/2hrszE-mail: noelnemethfoldmunka@gmail.comTelefonsz\u00e1m: +36-30-277-7810<\/p>\n","protected":false},"author":1,"featured_media":0,"parent":0,"menu_order":0,"comment_status":"closed","ping_status":"closed","template":"elementor_header_footer","meta":{"footnotes":""},"class_list":["post-171","page","type-page","status-publish"],"_links":{"self":[{"href":"https:\/\/noelfoldgep.hu\/index.php?rest_route=\/wp\/v2\/pages\/171","targetHints":{"allow":["GET"]}}],"collection":[{"href":"https:\/\/noelfoldgep.hu\/index.php?rest_route=\/wp\/v2\/pages"}],"about":[{"href":"https:\/\/noelfoldgep.hu\/index.php?rest_route=\/wp\/v2\/types\/page"}],"author":[{"embeddable":true,"href":"https:\/\/noelfoldgep.hu\/index.php?rest_route=\/wp\/v2\/users\/1"}],"replies":[{"embeddable":true,"href":"https:\/\/noelfoldgep.hu\/index.php?rest_route=%2Fwp%2Fv2%2Fcomments&post=171"}],"version-history":[{"count":7,"href":"https:\/\/noelfoldgep.hu\/index.php?rest_route=\/wp\/v2\/pages\/171\/revisions"}],"predecessor-version":[{"id":185,"href":"https:\/\/noelfoldgep.hu\/index.php?rest_route=\/wp\/v2\/pages\/171\/revisions\/185"}],"wp:attachment":[{"href":"https:\/\/noelfoldgep.hu\/index.php?rest_route=%2Fwp%2Fv2%2Fmedia&parent=171"}],"curies":[{"name":"wp","href":"https:\/\/api.w.org\/{rel}","templated":true}]}}